{"id":13,"date":"2019-01-25T10:13:32","date_gmt":"2019-01-25T10:13:32","guid":{"rendered":"http:\/\/kapela.se\/?page_id=13"},"modified":"2023-08-19T17:20:42","modified_gmt":"2023-08-19T17:20:42","slug":"startsida","status":"publish","type":"page","link":"https:\/\/kapela.se\/","title":{"rendered":"V\u00c4LKOMMEN till Kapela Alliansf\u00f6rsamling!"},"content":{"rendered":"\n<p><br><\/p>\n\n\n\n<figure class=\"wp-block-image size-full is-resized\"><img decoding=\"async\" loading=\"lazy\" src=\"http:\/\/kapela.se\/wp-content\/uploads\/2023\/08\/kapelabanner2.jpg\" alt=\"\" class=\"wp-image-563\" width=\"630\" height=\"132\" srcset=\"https:\/\/kapela.se\/wp-content\/uploads\/2023\/08\/kapelabanner2.jpg 940w, https:\/\/kapela.se\/wp-content\/uploads\/2023\/08\/kapelabanner2-300x63.jpg 300w, https:\/\/kapela.se\/wp-content\/uploads\/2023\/08\/kapelabanner2-768x162.jpg 768w\" sizes=\"(max-width: 630px) 85vw, 630px\" \/><\/figure>\n\n\n\n<div class=\"wp-block-columns has-2-columns is-layout-flex wp-container-3\">\n<div class=\"wp-block-column is-layout-flow\">\n<p><\/p>\n\n\n\r\n<div id=\"sb_instagram\" class=\"sbi sbi_col_2  sbi_width_resp sbi_disable_mobile\" style=\"padding-bottom: 10px;width: 75%;\" data-feedid=\"sbi_17841402998191084#4\" data-res=\"auto\" data-cols=\"2\" data-num=\"4\" data-shortcode-atts=\"{}\" >\r\n\t<div class=\"sb_instagram_header  sbi_medium sbi_no_avatar\" style=\"padding: 5px; margin-bottom: 10px;padding-bottom: 0;\">\r\n    <a href=\"https:\/\/www.instagram.com\/kapela_allians\/\" target=\"_blank\" rel=\"noopener nofollow\" title=\"@kapela_allians\" class=\"sbi_header_link\">\r\n        <div class=\"sbi_header_text\">\r\n            <h3 >kapela_allians<\/h3>\r\n\t                        <p class=\"sbi_bio\" >\u00c4lska Gud och \u00e4lska m\u00e4nniskor!<\/p>\r\n\t                <\/div>\r\n                <div class=\"sbi_header_img\">\r\n            <div class=\"sbi_header_hashtag_icon\"><svg class=\"sbi_new_logo fa-instagram fa-w-14\" aria-hidden=\"true\" data-fa-processed=\"\" aria-label=\"Instagram\" data-prefix=\"fab\" data-icon=\"instagram\" role=\"img\" viewBox=\"0 0 448 512\">\r\n\t                <path fill=\"currentColor\" d=\"M224.1 141c-63.6 0-114.9 51.3-114.9 114.9s51.3 114.9 114.9 114.9S339 319.5 339 255.9 287.7 141 224.1 141zm0 189.6c-41.1 0-74.7-33.5-74.7-74.7s33.5-74.7 74.7-74.7 74.7 33.5 74.7 74.7-33.6 74.7-74.7 74.7zm146.4-194.3c0 14.9-12 26.8-26.8 26.8-14.9 0-26.8-12-26.8-26.8s12-26.8 26.8-26.8 26.8 12 26.8 26.8zm76.1 27.2c-1.7-35.9-9.9-67.7-36.2-93.9-26.2-26.2-58-34.4-93.9-36.2-37-2.1-147.9-2.1-184.9 0-35.8 1.7-67.6 9.9-93.9 36.1s-34.4 58-36.2 93.9c-2.1 37-2.1 147.9 0 184.9 1.7 35.9 9.9 67.7 36.2 93.9s58 34.4 93.9 36.2c37 2.1 147.9 2.1 184.9 0 35.9-1.7 67.7-9.9 93.9-36.2 26.2-26.2 34.4-58 36.2-93.9 2.1-37 2.1-147.8 0-184.8zM398.8 388c-7.8 19.6-22.9 34.7-42.6 42.6-29.5 11.7-99.5 9-132.1 9s-102.7 2.6-132.1-9c-19.6-7.8-34.7-22.9-42.6-42.6-11.7-29.5-9-99.5-9-132.1s-2.6-102.7 9-132.1c7.8-19.6 22.9-34.7 42.6-42.6 29.5-11.7 99.5-9 132.1-9s102.7-2.6 132.1 9c19.6 7.8 34.7 22.9 42.6 42.6 11.7 29.5 9 99.5 9 132.1s2.7 102.7-9 132.1z\"><\/path>\r\n\t            <\/svg><\/div>\r\n        <\/div>\r\n        \r\n    <\/a>\r\n<\/div>\r\n    <div id=\"sbi_images\" style=\"padding: 5px;\">\r\n\t\t<div class=\"sbi_item sbi_type_image sbi_new sbi_transition\" id=\"sbi_18020183683544511\" data-date=\"1682754093\">\r\n    <div class=\"sbi_photo_wrap\">\r\n        <a class=\"sbi_photo\" href=\"https:\/\/www.instagram.com\/p\/CrnK9VCI2h1\/\" target=\"_blank\" rel=\"noopener nofollow\" data-full-res=\"https:\/\/scontent-arn2-1.cdninstagram.com\/v\/t51.29350-15\/343873459_196506509908443_888798516744297592_n.webp?stp=dst-jpg&#038;_nc_cat=109&#038;ccb=1-7&#038;_nc_sid=8ae9d6&#038;_nc_ohc=gURlDKfWYeIAX_UcCmi&#038;_nc_ht=scontent-arn2-1.cdninstagram.com&#038;edm=ANo9K5cEAAAA&#038;oh=00_AfBCWG43sMbEGSN1W0xvPCD3eSHDvwvXvsY_We28Klw52g&#038;oe=64730D82\" data-img-src-set=\"{&quot;d&quot;:&quot;https:\\\/\\\/scontent-arn2-1.cdninstagram.com\\\/v\\\/t51.29350-15\\\/343873459_196506509908443_888798516744297592_n.webp?stp=dst-jpg&amp;_nc_cat=109&amp;ccb=1-7&amp;_nc_sid=8ae9d6&amp;_nc_ohc=gURlDKfWYeIAX_UcCmi&amp;_nc_ht=scontent-arn2-1.cdninstagram.com&amp;edm=ANo9K5cEAAAA&amp;oh=00_AfBCWG43sMbEGSN1W0xvPCD3eSHDvwvXvsY_We28Klw52g&amp;oe=64730D82&quot;,&quot;150&quot;:&quot;https:\\\/\\\/www.instagram.com\\\/p\\\/CrnK9VCI2h1\\\/media?size=t&quot;,&quot;320&quot;:&quot;https:\\\/\\\/www.instagram.com\\\/p\\\/CrnK9VCI2h1\\\/media?size=m&quot;,&quot;640&quot;:&quot;https:\\\/\\\/scontent-arn2-1.cdninstagram.com\\\/v\\\/t51.29350-15\\\/343873459_196506509908443_888798516744297592_n.webp?stp=dst-jpg&amp;_nc_cat=109&amp;ccb=1-7&amp;_nc_sid=8ae9d6&amp;_nc_ohc=gURlDKfWYeIAX_UcCmi&amp;_nc_ht=scontent-arn2-1.cdninstagram.com&amp;edm=ANo9K5cEAAAA&amp;oh=00_AfBCWG43sMbEGSN1W0xvPCD3eSHDvwvXvsY_We28Klw52g&amp;oe=64730D82&quot;}\">\r\n            <span class=\"sbi-screenreader\">V\u00e4lkommen att fira valborg med oss! \u2600\ufe0f\ud83c\udf38<\/span>\r\n            \t                    <img src=\"https:\/\/kapela.se\/wp-content\/plugins\/instagram-feed\/img\/placeholder.png\" alt=\"V\u00e4lkommen att fira valborg med oss! \u2600\ufe0f\ud83c\udf38\">\r\n        <\/a>\r\n    <\/div>\r\n<\/div><div class=\"sbi_item sbi_type_image sbi_new sbi_transition\" id=\"sbi_18011935450581066\" data-date=\"1680900875\">\r\n    <div class=\"sbi_photo_wrap\">\r\n        <a class=\"sbi_photo\" href=\"https:\/\/www.instagram.com\/p\/Cqv8OYhIE_N\/\" target=\"_blank\" rel=\"noopener nofollow\" data-full-res=\"https:\/\/scontent-arn2-1.cdninstagram.com\/v\/t51.29350-15\/340032577_219257504086825_2649977776781627130_n.webp?stp=dst-jpg&#038;_nc_cat=106&#038;ccb=1-7&#038;_nc_sid=8ae9d6&#038;_nc_ohc=c2SEMvEiE6EAX9PBsqC&#038;_nc_ht=scontent-arn2-1.cdninstagram.com&#038;edm=ANo9K5cEAAAA&#038;oh=00_AfBmC9rnGvUDCrs_wUwo1NOLWMCjIEsy4BBtxueAo-5RBw&#038;oe=64735655\" data-img-src-set=\"{&quot;d&quot;:&quot;https:\\\/\\\/scontent-arn2-1.cdninstagram.com\\\/v\\\/t51.29350-15\\\/340032577_219257504086825_2649977776781627130_n.webp?stp=dst-jpg&amp;_nc_cat=106&amp;ccb=1-7&amp;_nc_sid=8ae9d6&amp;_nc_ohc=c2SEMvEiE6EAX9PBsqC&amp;_nc_ht=scontent-arn2-1.cdninstagram.com&amp;edm=ANo9K5cEAAAA&amp;oh=00_AfBmC9rnGvUDCrs_wUwo1NOLWMCjIEsy4BBtxueAo-5RBw&amp;oe=64735655&quot;,&quot;150&quot;:&quot;https:\\\/\\\/www.instagram.com\\\/p\\\/Cqv8OYhIE_N\\\/media?size=t&quot;,&quot;320&quot;:&quot;https:\\\/\\\/www.instagram.com\\\/p\\\/Cqv8OYhIE_N\\\/media?size=m&quot;,&quot;640&quot;:&quot;https:\\\/\\\/scontent-arn2-1.cdninstagram.com\\\/v\\\/t51.29350-15\\\/340032577_219257504086825_2649977776781627130_n.webp?stp=dst-jpg&amp;_nc_cat=106&amp;ccb=1-7&amp;_nc_sid=8ae9d6&amp;_nc_ohc=c2SEMvEiE6EAX9PBsqC&amp;_nc_ht=scontent-arn2-1.cdninstagram.com&amp;edm=ANo9K5cEAAAA&amp;oh=00_AfBmC9rnGvUDCrs_wUwo1NOLWMCjIEsy4BBtxueAo-5RBw&amp;oe=64735655&quot;}\">\r\n            <span class=\"sbi-screenreader\"><\/span>\r\n            \t                    <img src=\"https:\/\/kapela.se\/wp-content\/plugins\/instagram-feed\/img\/placeholder.png\" alt=\"P\u00e5skdrama ikv\u00e4ll p\u00e5 UV och Myran som ton\u00e5r kn\u00e5pat ihop. H\u00e4r syns soldater med korrekt och tidsenlig utrustning. V\u00e4lkommen p\u00e5 v\u00e5ra samlingar i p\u00e5sk! \u2600\ufe0f\ud83d\udc23\">\r\n        <\/a>\r\n    <\/div>\r\n<\/div><div class=\"sbi_item sbi_type_carousel sbi_new sbi_transition\" id=\"sbi_18005666521572841\" data-date=\"1680341986\">\r\n    <div class=\"sbi_photo_wrap\">\r\n        <a class=\"sbi_photo\" href=\"https:\/\/www.instagram.com\/p\/CqfSOpujoyi\/\" target=\"_blank\" rel=\"noopener nofollow\" data-full-res=\"https:\/\/scontent-arn2-1.cdninstagram.com\/v\/t51.29350-15\/338831792_3516328708693898_8812191313540364192_n.webp?stp=dst-jpg&#038;_nc_cat=100&#038;ccb=1-7&#038;_nc_sid=8ae9d6&#038;_nc_ohc=VD9PEvLNz1IAX9oEybn&#038;_nc_ht=scontent-arn2-1.cdninstagram.com&#038;edm=ANo9K5cEAAAA&#038;oh=00_AfAU00YRwEvnvg_M09-fKbO9gTZh2dAPLtBlYN_HmVVqDA&#038;oe=6473134C\" data-img-src-set=\"{&quot;d&quot;:&quot;https:\\\/\\\/scontent-arn2-1.cdninstagram.com\\\/v\\\/t51.29350-15\\\/338831792_3516328708693898_8812191313540364192_n.webp?stp=dst-jpg&amp;_nc_cat=100&amp;ccb=1-7&amp;_nc_sid=8ae9d6&amp;_nc_ohc=VD9PEvLNz1IAX9oEybn&amp;_nc_ht=scontent-arn2-1.cdninstagram.com&amp;edm=ANo9K5cEAAAA&amp;oh=00_AfAU00YRwEvnvg_M09-fKbO9gTZh2dAPLtBlYN_HmVVqDA&amp;oe=6473134C&quot;,&quot;150&quot;:&quot;https:\\\/\\\/www.instagram.com\\\/p\\\/CqfSOpujoyi\\\/media?size=t&quot;,&quot;320&quot;:&quot;https:\\\/\\\/www.instagram.com\\\/p\\\/CqfSOpujoyi\\\/media?size=m&quot;,&quot;640&quot;:&quot;https:\\\/\\\/www.instagram.com\\\/p\\\/CqfSOpujoyi\\\/media?size=l&quot;}\">\r\n            <span class=\"sbi-screenreader\">Linder\u00e5sdagen idag \u2600\ufe0f<\/span>\r\n            <svg class=\"svg-inline--fa fa-clone fa-w-16 sbi_lightbox_carousel_icon\" aria-hidden=\"true\" aria-label=\"Clone\" data-fa-pro\u0192cessed=\"\" data-prefix=\"far\" data-icon=\"clone\" role=\"img\" xmlns=\"http:\/\/www.w3.org\/2000\/svg\" viewBox=\"0 0 512 512\">\r\n\t                <path fill=\"currentColor\" d=\"M464 0H144c-26.51 0-48 21.49-48 48v48H48c-26.51 0-48 21.49-48 48v320c0 26.51 21.49 48 48 48h320c26.51 0 48-21.49 48-48v-48h48c26.51 0 48-21.49 48-48V48c0-26.51-21.49-48-48-48zM362 464H54a6 6 0 0 1-6-6V150a6 6 0 0 1 6-6h42v224c0 26.51 21.49 48 48 48h224v42a6 6 0 0 1-6 6zm96-96H150a6 6 0 0 1-6-6V54a6 6 0 0 1 6-6h308a6 6 0 0 1 6 6v308a6 6 0 0 1-6 6z\"><\/path>\r\n\t            <\/svg>\t                    <img src=\"https:\/\/kapela.se\/wp-content\/plugins\/instagram-feed\/img\/placeholder.png\" alt=\"Linder\u00e5sdagen idag \u2600\ufe0f\">\r\n        <\/a>\r\n    <\/div>\r\n<\/div><div class=\"sbi_item sbi_type_carousel sbi_new sbi_transition\" id=\"sbi_17977675418104059\" data-date=\"1680012442\">\r\n    <div class=\"sbi_photo_wrap\">\r\n        <a class=\"sbi_photo\" href=\"https:\/\/www.instagram.com\/p\/CqVdrEMojb4\/\" target=\"_blank\" rel=\"noopener nofollow\" data-full-res=\"https:\/\/scontent-arn2-1.cdninstagram.com\/v\/t51.29350-15\/338233964_171929438996687_7833499816527328336_n.webp?stp=dst-jpg&#038;_nc_cat=109&#038;ccb=1-7&#038;_nc_sid=8ae9d6&#038;_nc_ohc=ZrSOdhrwCVsAX8LrxCl&#038;_nc_ht=scontent-arn2-1.cdninstagram.com&#038;edm=ANo9K5cEAAAA&#038;oh=00_AfBNRY-jITyKw-920MQPnJuHshfdL2Ov_McjvFfPM8Dpfg&#038;oe=6473B161\" data-img-src-set=\"{&quot;d&quot;:&quot;https:\\\/\\\/scontent-arn2-1.cdninstagram.com\\\/v\\\/t51.29350-15\\\/338233964_171929438996687_7833499816527328336_n.webp?stp=dst-jpg&amp;_nc_cat=109&amp;ccb=1-7&amp;_nc_sid=8ae9d6&amp;_nc_ohc=ZrSOdhrwCVsAX8LrxCl&amp;_nc_ht=scontent-arn2-1.cdninstagram.com&amp;edm=ANo9K5cEAAAA&amp;oh=00_AfBNRY-jITyKw-920MQPnJuHshfdL2Ov_McjvFfPM8Dpfg&amp;oe=6473B161&quot;,&quot;150&quot;:&quot;https:\\\/\\\/www.instagram.com\\\/p\\\/CqVdrEMojb4\\\/media?size=t&quot;,&quot;320&quot;:&quot;https:\\\/\\\/www.instagram.com\\\/p\\\/CqVdrEMojb4\\\/media?size=m&quot;,&quot;640&quot;:&quot;https:\\\/\\\/www.instagram.com\\\/p\\\/CqVdrEMojb4\\\/media?size=l&quot;}\">\r\n            <span class=\"sbi-screenreader\">Spana in vad som h\u00e4nder hos oss i helgen!!! Linde<\/span>\r\n            <svg class=\"svg-inline--fa fa-clone fa-w-16 sbi_lightbox_carousel_icon\" aria-hidden=\"true\" aria-label=\"Clone\" data-fa-pro\u0192cessed=\"\" data-prefix=\"far\" data-icon=\"clone\" role=\"img\" xmlns=\"http:\/\/www.w3.org\/2000\/svg\" viewBox=\"0 0 512 512\">\r\n\t                <path fill=\"currentColor\" d=\"M464 0H144c-26.51 0-48 21.49-48 48v48H48c-26.51 0-48 21.49-48 48v320c0 26.51 21.49 48 48 48h320c26.51 0 48-21.49 48-48v-48h48c26.51 0 48-21.49 48-48V48c0-26.51-21.49-48-48-48zM362 464H54a6 6 0 0 1-6-6V150a6 6 0 0 1 6-6h42v224c0 26.51 21.49 48 48 48h224v42a6 6 0 0 1-6 6zm96-96H150a6 6 0 0 1-6-6V54a6 6 0 0 1 6-6h308a6 6 0 0 1 6 6v308a6 6 0 0 1-6 6z\"><\/path>\r\n\t            <\/svg>\t                    <img src=\"https:\/\/kapela.se\/wp-content\/plugins\/instagram-feed\/img\/placeholder.png\" alt=\"Spana in vad som h\u00e4nder hos oss i helgen!!! Linder\u00e5sdagen p\u00e5 l\u00f6rdag och ekumenisk familjegudstj\u00e4nst p\u00e5 s\u00f6ndag. Varmt v\u00e4lkomna \u2600\ufe0f\">\r\n        <\/a>\r\n    <\/div>\r\n<\/div>    <\/div>\r\n\r\n\t<div id=\"sbi_load\">\r\n\r\n\t\r\n\t    <span class=\"sbi_follow_btn\">\r\n        <a href=\"https:\/\/www.instagram.com\/kapela_allians\/\"  target=\"_blank\" rel=\"noopener nofollow\"><svg class=\"svg-inline--fa fa-instagram fa-w-14\" aria-hidden=\"true\" data-fa-processed=\"\" aria-label=\"Instagram\" data-prefix=\"fab\" data-icon=\"instagram\" role=\"img\" viewBox=\"0 0 448 512\">\r\n\t                <path fill=\"currentColor\" d=\"M224.1 141c-63.6 0-114.9 51.3-114.9 114.9s51.3 114.9 114.9 114.9S339 319.5 339 255.9 287.7 141 224.1 141zm0 189.6c-41.1 0-74.7-33.5-74.7-74.7s33.5-74.7 74.7-74.7 74.7 33.5 74.7 74.7-33.6 74.7-74.7 74.7zm146.4-194.3c0 14.9-12 26.8-26.8 26.8-14.9 0-26.8-12-26.8-26.8s12-26.8 26.8-26.8 26.8 12 26.8 26.8zm76.1 27.2c-1.7-35.9-9.9-67.7-36.2-93.9-26.2-26.2-58-34.4-93.9-36.2-37-2.1-147.9-2.1-184.9 0-35.8 1.7-67.6 9.9-93.9 36.1s-34.4 58-36.2 93.9c-2.1 37-2.1 147.9 0 184.9 1.7 35.9 9.9 67.7 36.2 93.9s58 34.4 93.9 36.2c37 2.1 147.9 2.1 184.9 0 35.9-1.7 67.7-9.9 93.9-36.2 26.2-26.2 34.4-58 36.2-93.9 2.1-37 2.1-147.8 0-184.8zM398.8 388c-7.8 19.6-22.9 34.7-42.6 42.6-29.5 11.7-99.5 9-132.1 9s-102.7 2.6-132.1-9c-19.6-7.8-34.7-22.9-42.6-42.6-11.7-29.5-9-99.5-9-132.1s-2.6-102.7 9-132.1c7.8-19.6 22.9-34.7 42.6-42.6 29.5-11.7 99.5-9 132.1-9s102.7-2.6 132.1 9c19.6 7.8 34.7 22.9 42.6 42.6 11.7 29.5 9 99.5 9 132.1s2.7 102.7-9 132.1z\"><\/path>\r\n\t            <\/svg>F\u00f6lj p\u00e5 Instagram<\/a>\r\n    <\/span>\r\n\t\r\n<\/div>\r\n\t    <span class=\"sbi_resized_image_data\" data-feed-id=\"sbi_17841402998191084#4\" data-resized=\"{&quot;17977675418104059&quot;:{&quot;id&quot;:&quot;338233964_171929438996687_7833499816527328336_n.webp&quot;,&quot;ratio&quot;:&quot;1.04&quot;,&quot;sizes&quot;:{&quot;full&quot;:640,&quot;low&quot;:320}},&quot;18005666521572841&quot;:{&quot;id&quot;:&quot;338831792_3516328708693898_8812191313540364192_n.webp&quot;,&quot;ratio&quot;:&quot;1.00&quot;,&quot;sizes&quot;:{&quot;full&quot;:640,&quot;low&quot;:320}},&quot;18011935450581066&quot;:{&quot;id&quot;:&quot;340032577_219257504086825_2649977776781627130_n.webp&quot;,&quot;ratio&quot;:&quot;1.00&quot;,&quot;sizes&quot;:{&quot;full&quot;:640,&quot;low&quot;:320}},&quot;18020183683544511&quot;:{&quot;id&quot;:&quot;343873459_196506509908443_888798516744297592_n.webp&quot;,&quot;ratio&quot;:&quot;0.91&quot;,&quot;sizes&quot;:{&quot;full&quot;:640,&quot;low&quot;:320}}}\">\r\n\t<\/span>\r\n\t        <div id=\"sbi_mod_error\">\r\n            <span>This error message is only visible to WordPress admins<\/span><br \/>\r\n                <\/div>\r\n        <\/div>\r\n\r\n\n<\/div>\n\n\n\n<div class=\"wp-block-column is-layout-flow\"><\/div>\n<\/div>\n\n\n\n<p>Kapela Alliansf\u00f6rsamling: BG 113-3420 eller SWISH: 123 481 87 12<\/p>\n","protected":false},"excerpt":{"rendered":"<p>Kapela Alliansf\u00f6rsamling: BG 113-3420 eller SWISH: 123 481 87 12<\/p>\n","protected":false},"author":1,"featured_media":0,"parent":0,"menu_order":0,"comment_status":"closed","ping_status":"closed","template":"","meta":[],"_links":{"self":[{"href":"https:\/\/kapela.se\/index.php\/wp-json\/wp\/v2\/pages\/13"}],"collection":[{"href":"https:\/\/kapela.se\/index.php\/wp-json\/wp\/v2\/pages"}],"about":[{"href":"https:\/\/kapela.se\/index.php\/wp-json\/wp\/v2\/types\/page"}],"author":[{"embeddable":true,"href":"https:\/\/kapela.se\/index.php\/wp-json\/wp\/v2\/users\/1"}],"replies":[{"embeddable":true,"href":"https:\/\/kapela.se\/index.php\/wp-json\/wp\/v2\/comments?post=13"}],"version-history":[{"count":39,"href":"https:\/\/kapela.se\/index.php\/wp-json\/wp\/v2\/pages\/13\/revisions"}],"predecessor-version":[{"id":565,"href":"https:\/\/kapela.se\/index.php\/wp-json\/wp\/v2\/pages\/13\/revisions\/565"}],"wp:attachment":[{"href":"https:\/\/kapela.se\/index.php\/wp-json\/wp\/v2\/media?parent=13"}],"curies":[{"name":"wp","href":"https:\/\/api.w.org\/{rel}","templated":true}]}}